{"id":2193,"date":"2024-02-29T22:28:17","date_gmt":"2024-02-29T22:28:17","guid":{"rendered":"https:\/\/painless-app.de\/?page_id=2193"},"modified":"2024-04-20T11:05:44","modified_gmt":"2024-04-20T11:05:44","slug":"impressum","status":"publish","type":"page","link":"https:\/\/painless-app.de\/index.php\/impressum\/","title":{"rendered":"Impressum"},"content":{"rendered":"\t\t<div data-elementor-type=\"wp-page\" data-elementor-id=\"2193\" class=\"elementor elementor-2193\" data-elementor-post-type=\"page\">\n\t\t\t\t\t\t<section class=\"elementor-section elementor-top-section elementor-element elementor-element-c526fdf elementor-section-boxed elementor-section-height-default elementor-section-height-default\" data-id=\"c526fdf\" data-element_type=\"section\" data-e-type=\"section\">\n\t\t\t\t\t\t<div class=\"elementor-container elementor-column-gap-default\">\n\t\t\t\t\t<div class=\"elementor-column elementor-col-100 elementor-top-column elementor-element elementor-element-835f245\" data-id=\"835f245\" data-element_type=\"column\" data-e-type=\"column\">\n\t\t\t<div class=\"elementor-widget-wrap elementor-element-populated\">\n\t\t\t\t\t\t<div class=\"elementor-element elementor-element-f235238 elementor-widget elementor-widget-text-editor\" data-id=\"f235238\" data-element_type=\"widget\" data-e-type=\"widget\" data-widget_type=\"text-editor.default\">\n\t\t\t\t<div class=\"elementor-widget-container\">\n\t\t\t\t\t\t\t\t\t<section class=\"elementor-section elementor-top-section elementor-element elementor-element-c05f254 elementor-section-boxed elementor-section-height-default elementor-section-height-default\" data-particle_enable=\"false\" data-particle-mobile-disabled=\"false\" data-id=\"c05f254\" data-element_type=\"section\"><div class=\"elementor-container elementor-column-gap-default\"><div class=\"elementor-column elementor-col-100 elementor-top-column elementor-element elementor-element-69888a7\" data-id=\"69888a7\" data-element_type=\"column\"><div class=\"elementor-widget-wrap elementor-element-populated\"><div class=\"elementor-element elementor-element-52d9ec4 elementor-widget elementor-widget-text-editor\" data-id=\"52d9ec4\" data-element_type=\"widget\" data-widget_type=\"text-editor.default\"><div class=\"elementor-widget-container\"><div>smart-Q Softwaresysteme GmbH<\/div><div>Zentrum f\u00fcr IT-Sicherheit<\/div><div>Lise-Meitner-Allee 4<\/div><div>44801 Bochum<\/div><div>\u00a0<\/div><div>Telefon +49 234 60 600 760<\/div><div>E-Mail: <a href=\"mailto:info@smart-q.de\">info@smart-q.de<\/a><\/div><div>\u00a0<\/div><div>HRB Bochum 12884<\/div><div>UStId DE272322555<\/div><div>\u00a0<\/div><\/div><\/div><\/div><\/div><\/div><\/section><section class=\"elementor-section elementor-top-section elementor-element elementor-element-2823e39 elementor-section-boxed elementor-section-height-default elementor-section-height-default\" data-particle_enable=\"false\" data-particle-mobile-disabled=\"false\" data-id=\"2823e39\" data-element_type=\"section\"><div class=\"elementor-container elementor-column-gap-default\"><div class=\"elementor-column elementor-col-100 elementor-top-column elementor-element elementor-element-53f99e5\" data-id=\"53f99e5\" data-element_type=\"column\"><div class=\"elementor-widget-wrap elementor-element-populated\"><div class=\"elementor-element elementor-element-f4f6c8a elementor-widget elementor-widget-text-editor\" data-id=\"f4f6c8a\" data-element_type=\"widget\" data-widget_type=\"text-editor.default\"><div class=\"elementor-widget-container\"><p><strong>Disclaimer f\u00fcr die Webseite der smart-Q Softwaresysteme GmbH<\/strong><\/p><p><strong>1. Haftung f\u00fcr Inhalte<\/strong><\/p><p>Die smart-Q Softwaresysteme GmbH ist als Diensteanbieter nach \u00a7 7 Abs.1 TMG f\u00fcr eigene Inhalte auf dieser Webseite verantwortlich. Wir sind bem\u00fcht, die Informationen auf dieser Webseite stets aktuell, korrekt und vollst\u00e4ndig zu halten. Trotzdem k\u00f6nnen wir keine Gew\u00e4hr f\u00fcr die Richtigkeit, Vollst\u00e4ndigkeit und Aktualit\u00e4t der bereitgestellten Inhalte \u00fcbernehmen. Gem\u00e4\u00df den gesetzlichen Bestimmungen sind wir als Diensteanbieter jedoch nicht verpflichtet, \u00fcbermittelte oder gespeicherte fremde Informationen zu \u00fcberwachen oder nach Umst\u00e4nden zu forschen, die auf eine rechtswidrige T\u00e4tigkeit hinweisen (\u00a7\u00a7 8-10 TMG). Eine diesbez\u00fcgliche Haftung ist jedoch erst ab dem Zeitpunkt der Kenntniserlangung einer konkreten Rechtsverletzung m\u00f6glich. Sollten uns Rechtsverletzungen bekannt werden, werden wir die betreffenden Inhalte umgehend entfernen.<\/p><p><strong>2. Haftung f\u00fcr Links<\/strong><\/p><p>Unsere Webseite kann Links zu externen Webseiten Dritter enthalten, auf deren Inhalte wir keinen Einfluss haben. F\u00fcr diese fremden Inhalte \u00fcbernehmen wir keine Gew\u00e4hr. Die Verantwortung liegt stets bei den jeweiligen Betreibern der verlinkten Seiten. Zum Zeitpunkt der Verlinkung wurden die verlinkten Seiten auf m\u00f6gliche Rechtsverst\u00f6\u00dfe \u00fcberpr\u00fcft, und es waren keine rechtswidrigen Inhalte erkennbar. Eine st\u00e4ndige Kontrolle der verlinkten Seiten ohne konkrete Anhaltspunkte f\u00fcr Rechtsverletzungen ist jedoch nicht zumutbar. Sollten uns Rechtsverletzungen auf verlinkten Seiten bekannt werden, werden wir die entsprechenden Links unverz\u00fcglich entfernen.<\/p><p><strong>3. Urheberrecht<\/strong><\/p><p>Die durch die smart-Q Softwaresysteme GmbH erstellten Inhalte und Werke auf dieser Webseite unterliegen dem deutschen Urheberrecht. Die Vervielf\u00e4ltigung, Bearbeitung, Verbreitung und jede Art der Verwertung au\u00dferhalb der Grenzen des Urheberrechts bed\u00fcrfen der schriftlichen Zustimmung des jeweiligen Autors bzw. Erstellers. Downloads und Kopien dieser Seite sind nur f\u00fcr den privaten, nicht kommerziellen Gebrauch gestattet. Soweit die Inhalte auf dieser Webseite nicht von der smart-Q Softwaresysteme GmbH erstellt wurden, werden die Urheberrechte Dritter beachtet. Sollten Sie dennoch eine Urheberrechtsverletzung feststellen, bitten wir um einen entsprechenden Hinweis. Bei Bekanntwerden von Rechtsverletzungen werden wir die betreffenden Inhalte umgehend entfernen.<\/p><p>Haftungsausschluss:<\/p><p>Dieser Disclaimer dient lediglich zur Information. Trotz sorgf\u00e4ltiger Recherche und Formulierung kann keine Gew\u00e4hr f\u00fcr die Richtigkeit und Vollst\u00e4ndigkeit der hier dargestellten Informationen \u00fcbernommen werden. Die smart-Q Softwaresysteme GmbH beh\u00e4lt sich das Recht vor, den Inhalt dieses Disclaimers jederzeit und ohne Vorank\u00fcndigung zu \u00e4ndern oder zu aktualisieren.<\/p><\/div><\/div><\/div><\/div><\/div><\/section>\t\t\t\t\t\t\t\t<\/div>\n\t\t\t\t<\/div>\n\t\t\t\t\t<\/div>\n\t\t<\/div>\n\t\t\t\t\t<\/div>\n\t\t<\/section>\n\t\t\t\t<\/div>\n\t\t","protected":false},"excerpt":{"rendered":"<p>smart-Q Softwaresysteme GmbHZentrum f\u00fcr IT-SicherheitLise-Meitner-Allee 444801 Bochum\u00a0Telefon +49 234 60 600 760E-Mail: info@smart-q.de\u00a0HRB Bochum 12884UStId DE272322555\u00a0 Disclaimer f\u00fcr die Webseite der smart-Q Softwaresysteme GmbH 1. Haftung f\u00fcr Inhalte Die smart-Q Softwaresysteme GmbH ist als Diensteanbieter nach \u00a7 7 Abs.1 TMG f\u00fcr eigene Inhalte auf dieser Webseite verantwortlich. Wir sind bem\u00fcht, die Informationen auf dieser Webseite [&hellip;]<\/p>\n","protected":false},"author":1,"featured_media":0,"parent":0,"menu_order":0,"comment_status":"closed","ping_status":"closed","template":"","meta":{"footnotes":""},"class_list":["post-2193","page","type-page","status-publish","hentry"],"_links":{"self":[{"href":"https:\/\/painless-app.de\/index.php\/wp-json\/wp\/v2\/pages\/2193","targetHints":{"allow":["GET"]}}],"collection":[{"href":"https:\/\/painless-app.de\/index.php\/wp-json\/wp\/v2\/pages"}],"about":[{"href":"https:\/\/painless-app.de\/index.php\/wp-json\/wp\/v2\/types\/page"}],"author":[{"embeddable":true,"href":"https:\/\/painless-app.de\/index.php\/wp-json\/wp\/v2\/users\/1"}],"replies":[{"embeddable":true,"href":"https:\/\/painless-app.de\/index.php\/wp-json\/wp\/v2\/comments?post=2193"}],"version-history":[{"count":35,"href":"https:\/\/painless-app.de\/index.php\/wp-json\/wp\/v2\/pages\/2193\/revisions"}],"predecessor-version":[{"id":2472,"href":"https:\/\/painless-app.de\/index.php\/wp-json\/wp\/v2\/pages\/2193\/revisions\/2472"}],"wp:attachment":[{"href":"https:\/\/painless-app.de\/index.php\/wp-json\/wp\/v2\/media?parent=2193"}],"curies":[{"name":"wp","href":"https:\/\/api.w.org\/{rel}","templated":true}]}}