{"id":2217,"date":"2024-03-04T06:49:34","date_gmt":"2024-03-04T06:49:34","guid":{"rendered":"https:\/\/painless-app.de\/?page_id=2217"},"modified":"2024-04-21T16:20:10","modified_gmt":"2024-04-21T16:20:10","slug":"datenschutz","status":"publish","type":"page","link":"https:\/\/painless-app.de\/index.php\/datenschutz\/","title":{"rendered":"Datenschutz"},"content":{"rendered":"\t\t<div data-elementor-type=\"wp-page\" data-elementor-id=\"2217\" class=\"elementor elementor-2217\" data-elementor-post-type=\"page\">\n\t\t\t\t<div class=\"elementor-element elementor-element-d881203 e-flex e-con-boxed e-con e-parent\" data-id=\"d881203\" data-element_type=\"container\" data-e-type=\"container\">\n\t\t\t\t\t<div class=\"e-con-inner\">\n\t\t\t\t<div class=\"elementor-element elementor-element-55d1576 elementor-widget elementor-widget-heading\" data-id=\"55d1576\" data-element_type=\"widget\" data-e-type=\"widget\" data-widget_type=\"heading.default\">\n\t\t\t\t<div class=\"elementor-widget-container\">\n\t\t\t\t\t<h2 class=\"elementor-heading-title elementor-size-default\">Deine Daten, Deine Sicherheit\u200b<\/h2>\t\t\t\t<\/div>\n\t\t\t\t<\/div>\n\t\t\t\t<div class=\"elementor-element elementor-element-769d8b1 elementor-widget elementor-widget-text-editor\" data-id=\"769d8b1\" data-element_type=\"widget\" data-e-type=\"widget\" data-widget_type=\"text-editor.default\">\n\t\t\t\t<div class=\"elementor-widget-container\">\n\t\t\t\t\t\t\t\t\t<h3 class=\"elementor-heading-title elementor-size-default\">Die Pain Less-App verarbeitet sensible Daten. Darum ist uns der Schutz Deiner Daten besonders wichtig.<\/h3>\t\t\t\t\t\t\t\t<\/div>\n\t\t\t\t<\/div>\n\t\t\t\t\t<\/div>\n\t\t\t\t<\/div>\n\t\t<div class=\"elementor-element elementor-element-68930b0 e-flex e-con-boxed e-con e-parent\" data-id=\"68930b0\" data-element_type=\"container\" data-e-type=\"container\">\n\t\t\t\t\t<div class=\"e-con-inner\">\n\t\t\t\t<div class=\"elementor-element elementor-element-0122c89 data elementor-widget elementor-widget-text-editor\" data-id=\"0122c89\" data-element_type=\"widget\" data-e-type=\"widget\" data-widget_type=\"text-editor.default\">\n\t\t\t\t<div class=\"elementor-widget-container\">\n\t\t\t\t\t\t\t\t\t<div class=\"elementor-element elementor-element-1222d45 elementor-widget elementor-widget-heading\" data-id=\"1222d45\" data-element_type=\"widget\" data-widget_type=\"heading.default\"><div class=\"elementor-widget-container\"><h2 class=\"elementor-heading-title elementor-size-default\">Datenschutzerkl\u00e4rung<\/h2><\/div><\/div><div class=\"elementor-element elementor-element-59d54c1 elementor-widget elementor-widget-text-editor\" data-id=\"59d54c1\" data-element_type=\"widget\" data-widget_type=\"text-editor.default\"><div class=\"elementor-widget-container\"><p><em>Datenschutzerkl\u00e4rung f\u00fcr die Pain Less -App<\/em><\/p><p><strong>Stand: Januar 2024<\/strong><\/p><h2><strong>1. Einleitung<\/strong><\/h2><p>In dieser Datenschutzerkl\u00e4rung erfahren Sie,<\/p><ul><li>wie wir Ihre personenbezogenen Daten im Rahmen Ihrer Nutzung der Pain Less &#8211; App umgehen,<\/li><li>ob und wie diese Daten verwendet, weitergegeben oder anderweitig verarbeitet werden.<\/li><\/ul><h2><strong>2.Verantwortliche<\/strong><\/h2><p>Diese Datenschutzerkl\u00e4rung gilt f\u00fcr die Datenverarbeitung durch uns als Gemeinsam Verantwortliche gem. Art. 26 Datenschutzgrundverordnung (DSGVO). Unsere Kontaktdaten lauten:<\/p><p>smart-Q Softwaresysteme GmbH<\/p><p>Zentrum f\u00fcr IT-Sicherheit<\/p><p>Lise-Meitner-Allee 4<\/p><p>44801 Bochum<\/p><p>Telefon:\u00a0<a href=\"tel:+4923460600760\">+49 (0)234 \u2013 60600760<\/a><br \/>E-Mail:\u00a0<a href=\"mailto:painless@smart-q.de\">painless@smart-q.de<\/a><\/p><p>HRB Bochum 12884<\/p><h2><strong>3. Datenschutzbeauftragter\u00a0<\/strong><\/h2><p>Bei allen Anliegen rund um den Datenschutz erreichen Sie unseren Datenschutzbeauftragten unter<\/p><p>Christian Volkmer<br \/>Projekt29 GmbH &amp; Co.KG<br \/>Ostengasse 14<br \/>93047 Regensburg<\/p><h2><strong>4. Begriffsdefinition<\/strong><\/h2><p>Soweit diese Datenschutzerkl\u00e4rung keine abweichende Definition beinhaltet oder impliziert, wird im Hinblick auf die verwendeten Begriffe auf die Definitionen in Art. 4 DSGVO verwiesen.<\/p><h2><strong>5.<\/strong> <strong>Freiwillige Bereitstellung personenbezogener Daten<\/strong><\/h2><p>Sie sind weder gesetzlich oder vertraglich verpflichtet noch ist es zum Abschluss eines Vertrages erforderlich, dass Sie uns personenbezogene Daten bereitstellen. M\u00f6chten Sie uns keine personenbezogenen Daten bereitstellen, k\u00f6nnen Sie die Funktionen der App allerdings nicht nutzen. Dar\u00fcber hinaus hat die Nicht-Bereitstellung keine Konsequenzen f\u00fcr Sie.<\/p><h2><strong>6. Einsatz von Auftragsverarbeitern<\/strong><\/h2><p>Da wir die technische Infrastruktur zur Bereitstellung der App nicht komplett alleine vorhalten k\u00f6nnen, setzen wir f\u00fcr bestimmte Dienste ausgew\u00e4hlte Dienstleister ein, die Daten in unserem Auftrag verarbeiten. Wir schlie\u00dfen mit allen eingesetzten Auftragsverarbeitern eine Vereinbarung nach Art. 28 DSGVO und versichern uns regelm\u00e4\u00dfig von der Zuverl\u00e4ssigkeit und der Einhaltung aller datenschutzrechtlichen Vorgaben durch unsere Auftragsverarbeiter.<\/p><p>Unsere Auftragsverarbeiter sind:<\/p><ul><li>H&amp;J-Datentechnik e. K., Boris H\u00f6ffgen, Poststr. 104, 42549 Velbert<\/li><li>Hetzner Online GmbH, 25, 91710 Gunzenhausen Server Rechenzentrum<\/li><\/ul><h2><strong>7. Daten\u00fcbermittlung an Drittstaaten<\/strong><\/h2><p>Wir \u00fcbermitteln keine personenbezogenen Daten in Drittstaaten au\u00dferhalb der EU.<\/p><h2><strong>8. Verarbeitung Ihrer personenbezogenen Daten<\/strong><\/h2><h3 style=\"padding-left: 40px;\"><strong>8.1 Beim Herunterladen der App<\/strong><\/h3><p style=\"padding-left: 40px;\">Beim Herunterladen der App werden die dazu erforderlichen Informationen an den Google Play Store, falls Sie unsere App auf einem Android-Ger\u00e4t nutzen bzw. den Apple App Store, falls Sie unsere App auf einem iOS-Ger\u00e4t nutzen, \u00fcbertragen. Dazu z\u00e4hlen Nutzername, E-Mail-Adresse und Kundennummer Ihres Accounts, Zeitpunkt des Downloads, Zahlungsinformationen und die individuelle Ger\u00e4tekennziffer sowie ggf. weitere Daten. Auf diese Datenerhebung und -verarbeitung haben wir keinen Einfluss und sind nicht daf\u00fcr verantwortlich.<\/p><p style=\"padding-left: 40px;\">Sehen Sie hierzu auch die Datenschutzerkl\u00e4rungen von Google (https:\/\/www.google.de\/intl\/de\/policies\/privacy\/)\u00a0 bzw. Apple (https:\/\/www.apple.com\/de\/privacy\/privacy-policy\/)\u00a0 an.<\/p><h3 style=\"padding-left: 40px;\"><strong>8.2 Bei Registrierung in der App<\/strong><\/h3><p style=\"padding-left: 40px;\">F\u00fcr die Nutzung der Pain Less &#8211; App m\u00fcssen Sie sich registrieren. Bei der Registrierung ist die Angabe von Vorname, Nachname, E-Mail-Adresse und Passwort verpflichtend.\u00a0<\/p><p style=\"padding-left: 40px;\">Die Verarbeitung dieser Daten dient dem Zweck, Ihnen unsere Pain Less-App anbieten zu k\u00f6nnen. Die Rechtsgrundlage f\u00fcr die Verarbeitung ist Art. 6 Abs. 1 S. 1 lit. b DSGVO.<\/p><h3 style=\"padding-left: 40px;\"><strong>8.3 Beim Bezahlvorgang<\/strong><\/h3><p style=\"padding-left: 40px;\">Sie k\u00f6nnen die App zun\u00e4chst f\u00fcr drei Tage kostenlos testen, danach f\u00e4llt je nach gew\u00fcnschtem Tarif ein in den AGB bestimmter Betrag an. Die Zahlungsabwicklung erfolgt \u00fcber den jeweiligen App-Store.<\/p><h3 style=\"padding-left: 40px;\"><strong>8.4 Bei der Nutzung der App<\/strong><\/h3><div style=\"padding-left: 40px;\">Sie k\u00f6nnen\u00a0 Ihre Pain Less-App von beliebigen Endger\u00e4ten aus aufrufen.\u00a0<\/div><div style=\"padding-left: 40px;\">S\u00e4mtliche von Ihnen im Rahmen der Nutzung der App eingegebenen Daten (wie Angaben \u00fcber Ihr Befinden, Ihren Tagesablauf etc.) werden ausschlie\u00dflich auf unseren eigenen Servern gespeichert und nicht an Dritte \u00fcbermittelt. Die Daten werden gespeichert, damit sie in der vorhandenen Exportfunktion ausgegeben werden k\u00f6nnen, um sie beispielsweise Ihrem behandelnden Arzt oder Ihrer \u00c4rztin zur Verf\u00fcgung zu stellen.\u00a0 \u00a0<\/div><div>\u00a0<\/div><div style=\"padding-left: 40px;\">Die Daten, die Sie in die App eingeben, werden von uns anonymisiert und in dieser Form, die keinen R\u00fcckschluss auf Ihre Person erlaubt, an ausgew\u00e4hlte Forschungseinrichtungen \u00fcbermittelt. Zweck dieser Verarbeitung ist die medizinische Forschung im Bereich der Schmerztherapie.\u00a0<\/div><div style=\"padding-left: 40px;\">M\u00f6gliche Empf\u00e4nger der anonymisierten Datens\u00e4tze sind:<\/div><div>\u00a0<\/div><div style=\"padding-left: 40px;\">\u2022 Schmerzgesellschaften<\/div><div style=\"padding-left: 40px;\">\u2022 Schmerzkliniken<\/div><div style=\"padding-left: 40px;\">\u2022 Schmerzforschungsinstitute<\/div><div style=\"padding-left: 40px;\">\u2022 Institute von Universit\u00e4ten<\/div><div style=\"padding-left: 40px;\">\u2022 Pharma Industrie<\/div><div>\u00a0<\/div><div style=\"padding-left: 40px;\">Da wir lediglich anonymisierte Datens\u00e4tze weitergeben, ist nicht r\u00fcckverfolgbar, wessen Datens\u00e4tze an welchen konkreten Empf\u00e4nger gegeben werden. Weder die Empf\u00e4nger noch wir haben im Nachhinein die M\u00f6glichkeit, dies festzustellen.\u00a0<\/div><h3 style=\"padding-left: 40px;\"><strong>8.5 Im Rahmen der Kontaktaufnahme per E-Mail<\/strong><\/h3><p style=\"padding-left: 40px;\">Aus den E-Mails, die Sie an uns und wir an Sie \u00fcbermitteln, verarbeiten wir Ihre personenbezogenen Daten (also Ihre E-Mail-Adresse sowie die von Ihnen in der E-Mail gemachten Angaben), um auf Ihre Anliegen eingehen zu k\u00f6nnen und ggf. zur Vertragsabwicklung. Die Verarbeitung Ihrer personenbezogenen Daten geschieht auf Grundlage von Art. 6 Abs. 1 S.1 lit. f bzw. Art. 6 Abs. 1 S. 1 lit. b DSGVO.<\/p><\/div><h3 style=\"padding-left: 40px;\"><strong>8.6 Im Rahmen der Kontaktaufnahme per Telefon<\/strong><\/h3><p style=\"padding-left: 40px;\">Wenn Sie mit uns anrufen, verarbeiten wir Ihre personenbezogenen Daten (Name, Telefonnummer, ggf. auch Anschrift oder E-Mail-Adresse), um Ihre Anfrage bzw. Ihr Anliegen zu bearbeiten. Im Zuge dessen verarbeiten wir Ihre personenbezogenen Daten, um uns die Kommunikation mit Ihnen zu erm\u00f6glichen und wenn Sie unser Kunde sind, auch zur Vertragsabwicklung. Die Rechtsgrundlage daf\u00fcr ist Art. 6 Abs. 1 S.1 lit. f bzw. Art. 6 Abs. 1 S. 1 lit. b DSGVO.<\/p><h3 style=\"padding-left: 40px;\"><strong>8.7 Im Rahmen der Kontaktaufnahme mittels Kontaktformular<\/strong><\/h3><p style=\"padding-left: 40px;\">Wenn Sie mit uns anrufen, verarbeiten wir Ihre personenbezogenen Daten (Name, Telefonnummer, ggf. auch Anschrift oder E-Mail-Adresse), um Ihre Anfrage bzw. Ihr Anliegen zu bearbeiten. Im Zuge dessen verarbeiten wir Ihre personenbezogenen Daten, um uns die Kommunikation mit Ihnen zu erm\u00f6glichen und wenn Sie unser Kunde sind, auch zur Vertragsabwicklung. Die Rechtsgrundlage daf\u00fcr ist Art. 6 Abs. 1 S.1 lit. f bzw. Art. 6 Abs. 1 S. 1 lit. b DSGVO.<\/p><h2><strong>9. L\u00f6schung von Daten<\/strong><\/h2><p style=\"padding-left: 40px;\">Die von uns verarbeiteten Daten werden nach Ma\u00dfgabe des Art. 17 DSGVO gel\u00f6scht oder nach Art. 18 DSGVO in ihrer Verarbeitung eingeschr\u00e4nkt.<\/p><p style=\"padding-left: 40px;\">Sofern im Rahmen dieser Datenschutzerkl\u00e4rung nichts Abweichendes geregelt ist, werden die von uns verarbeiteten Daten gel\u00f6scht, sobald sie f\u00fcr ihre Zweckbestimmung nicht mehr erforderlich sind und der L\u00f6schung keine gesetzlichen Aufbewahrungspflichten entgegenstehen.<\/p><p style=\"padding-left: 40px;\">Nach gesetzlichen Vorgaben in Deutschland erfolgt die Aufbewahrung bzw. Speicherung insbesondere von B\u00fcchern, Aufzeichnungen, Inventaren, Jahresabschl\u00fcssen, Lageberichten, die Er\u00f6ffnungsbilanz sowie die jeweils zu ihrem Verst\u00e4ndnis erforderlichen Arbeitsanweisungen und sonstigen Organisationsunterlagen, der empfangenen und abgesandten Handels- oder Gesch\u00e4ftsbriefe, der Buchungsbelege sowie von sonstige Unterlagen, soweit sie f\u00fcr die Besteuerung von Bedeutung sind gem\u00e4\u00df \u00a7 147 Abs. 1 AO f\u00fcr zehn Jahre. Dies gilt auch f\u00fcr die in den vorstehend genannten Dokumenten etwaig enthaltenen personenbezogenen Daten von Betroffenen.<\/p><\/div><h2><strong>10. Betroffenenrechte<\/strong><\/h2><p>Sie haben das Recht:<\/p><ul><li>gem\u00e4\u00df Art.\u00a015 DSGVO Auskunft \u00fcber Ihre von uns verarbeiteten personenbezogenen Daten zu verlangen. Insbesondere k\u00f6nnen Sie Auskunft \u00fcber die Verarbeitungszwecke, die Kategorie der personenbezogenen Daten, die Kategorien von Empf\u00e4ngern, gegen\u00fcber denen Ihre Daten offengelegt wurden oder werden, die geplante Speicherdauer, das Bestehen eines Rechts auf Berichtigung, L\u00f6schung, Einschr\u00e4nkung der Verarbeitung oder Widerspruch, das Bestehen eines Beschwerderechts, die Herkunft ihrer Daten, sofern diese nicht bei uns erhoben wurden, sowie \u00fcber das Bestehen einer automatisierten Entscheidungsfindung einschlie\u00dflich Profiling und ggf. aussagekr\u00e4ftigen Informationen zu deren Einzelheiten verlangen;<\/li><li>gem\u00e4\u00df Art.\u00a016 DSGVO unverz\u00fcglich die Berichtigung unrichtiger oder Vervollst\u00e4ndigung Ihrer bei uns gespeicherten personenbezogenen Daten zu verlangen;<\/li><li>gem\u00e4\u00df Art.\u00a017 DSGVO die L\u00f6schung Ihrer bei uns gespeicherten personenbezogenen Daten zu verlangen, soweit nicht die Verarbeitung zur Aus\u00fcbung des Rechts auf freie Meinungs\u00e4u\u00dferung und Information, zur Erf\u00fcllung einer rechtlichen Verpflichtung, aus Gr\u00fcnden des \u00f6ffentlichen Interesses oder zur Geltendmachung, Aus\u00fcbung oder Verteidigung von Rechtsanspr\u00fcchen erforderlich ist;<\/li><li>gem\u00e4\u00df Art.\u00a018 DSGVO die Einschr\u00e4nkung der Verarbeitung Ihrer personenbezogenen Daten zu verlangen, soweit die Richtigkeit der Daten von Ihnen bestritten wird, die Verarbeitung unrechtm\u00e4\u00dfig ist, Sie aber deren L\u00f6schung ablehnen und wir die Daten nicht mehr ben\u00f6tigen, Sie jedoch diese zur Geltendmachung, Aus\u00fcbung oder Verteidigung von Rechtsanspr\u00fcchen ben\u00f6tigen oder Sie gem\u00e4\u00df Art.\u00a021 DSGVO Widerspruch gegen die Verarbeitung eingelegt haben;<\/li><li>gem\u00e4\u00df Art.\u00a020 DSGVO Ihre personenbezogenen Daten, die Sie uns bereitgestellt haben, in einem strukturierten, g\u00e4ngigen und maschinenlesebaren Format zu erhalten oder die \u00dcbermittlung an einen anderen Verantwortlichen zu verlangen;<\/li><li>gem\u00e4\u00df Art.\u00a077 DSGVO sich bei einer Aufsichtsbeh\u00f6rde zu beschweren. In der Regel k\u00f6nnen Sie sich hierf\u00fcr an die Aufsichtsbeh\u00f6rde Ihres \u00fcblichen Aufenthaltsortes oder Arbeitsplatzes oder unseres Unternehmenssitzes wenden.<\/li><\/ul><h3 style=\"padding-left: 40px;\"><strong>10.1 Widerruf von Erteilten Einwilligungen<\/strong><\/h3><p style=\"padding-left: 40px;\">Sollten wir Ihre personenbezogenen Daten auf Grundlage einer von Ihnen dazu erteilten Einwilligung gem. Art. 9 Abs. 2 lit. a oder 6 Abs. 1 lit. a DSGVO verarbeiten, haben Sie das Recht uns ggf. erteilte Einwilligungen gem. Art. 7 Abs. 3 DSGVO mit Wirkung f\u00fcr die Zukunft zu widerrufen.\u00a0<\/p><p style=\"padding-left: 40px;\">M\u00f6chten Sie von Ihrem Widerrufsrecht Gebrauch machen, k\u00f6nnen Sie uns das per E-Mail an datenschutzbeauftragter@smart-q.de Alternativ stehen Ihnen dazu auch die oben unter Ziffer 2. genannten Kontaktdaten zur Verf\u00fcgung.<\/p><h3 style=\"padding-left: 40px;\"><strong>10.2 Widerspruch bei Verarbeitung auf Grundlage berechtigten Interesses<\/strong><\/h3><p style=\"padding-left: 40px;\">Sofern wir Ihre personenbezogenen Daten auf Grundlage unserer berechtigten Interessen gem\u00e4\u00df Art. 6 Abs. 1 S. 1 lit. f DSGVO verarbeiten, haben Sie das Recht, gem\u00e4\u00df Art. 21 DSGVO Widerspruch gegen die Verarbeitung Ihrer personenbezogenen Daten einzulegen, soweit daf\u00fcr Gr\u00fcnde vorliegen, die sich aus Ihrer besonderen Situation ergeben oder sich der Widerspruch gegen Direktwerbung richtet. Im letzteren Fall haben Sie ein generelles Widerspruchsrecht, das ohne Angabe einer besonderen Situation von uns umgesetzt wird.<\/p><p style=\"padding-left: 40px;\">M\u00f6chten Sie von Ihrem Widerspruchsrecht Gebrauch machen, k\u00f6nnen Sie uns das per E-Mail an datenschutzbeauftragter@smart-q.de Alternativ stehen Ihnen dazu auch die oben unter Ziffer 2. genannten Kontaktdaten zur Verf\u00fcgung.<\/p><h2><strong>11. Sicherheitsma\u00dfnahmen<\/strong><\/h2><p style=\"padding-left: 40px;\">Wir treffen organisatorische, vertragliche und technische Sicherheitsma\u00dfnahmen entsprechend dem Stand der Technik, um sicherzustellen, dass die Vorschriften der Datenschutzgesetze eingehalten werden und um damit die durch uns verarbeiteten Daten gegen zuf\u00e4llige oder vors\u00e4tzliche Manipulationen, Verlust, Zerst\u00f6rung oder gegen den Zugriff unberechtigter Personen zu sch\u00fctzen. Zudem beachten wir selbstverst\u00e4ndlich alle Voraussetzungen, die \u00a7 22 Abs. 2 BDSG an die Verarbeitung von Gesundheitsdaten stellt.<\/p><h2><strong>12. \u00c4nderungen dieser Datenschutzerkl\u00e4rung<\/strong><\/h2><p style=\"padding-left: 40px;\">Wir behalten uns das Recht vor, unsere Datenschutzerkl\u00e4rung zu \u00e4ndern, falls dies aufgrund neuer Technologien oder \u00c4nderungen unserer Datenverarbeitungsprozesse notwendig sein sollte oder um sie an \u00c4nderungen der f\u00fcr uns ma\u00dfgeblichen Rechtslage anzupassen.<\/p><p style=\"padding-left: 40px;\">\u00a0<\/p>\t\t\t\t\t\t\t\t<\/div>\n\t\t\t\t<\/div>\n\t\t\t\t\t<\/div>\n\t\t\t\t<\/div>\n\t\t\t\t<\/div>\n\t\t","protected":false},"excerpt":{"rendered":"<p>Deine Daten, Deine Sicherheit\u200b Die Pain Less-App verarbeitet sensible Daten. Darum ist uns der Schutz Deiner Daten besonders wichtig. Datenschutzerkl\u00e4rung Datenschutzerkl\u00e4rung f\u00fcr die Pain Less -App Stand: Januar 2024 1. Einleitung In dieser Datenschutzerkl\u00e4rung erfahren Sie, wie wir Ihre personenbezogenen Daten im Rahmen Ihrer Nutzung der Pain Less &#8211; App umgehen, ob und wie diese [&hellip;]<\/p>\n","protected":false},"author":1,"featured_media":0,"parent":0,"menu_order":0,"comment_status":"closed","ping_status":"closed","template":"","meta":{"footnotes":""},"class_list":["post-2217","page","type-page","status-publish","hentry"],"_links":{"self":[{"href":"https:\/\/painless-app.de\/index.php\/wp-json\/wp\/v2\/pages\/2217","targetHints":{"allow":["GET"]}}],"collection":[{"href":"https:\/\/painless-app.de\/index.php\/wp-json\/wp\/v2\/pages"}],"about":[{"href":"https:\/\/painless-app.de\/index.php\/wp-json\/wp\/v2\/types\/page"}],"author":[{"embeddable":true,"href":"https:\/\/painless-app.de\/index.php\/wp-json\/wp\/v2\/users\/1"}],"replies":[{"embeddable":true,"href":"https:\/\/painless-app.de\/index.php\/wp-json\/wp\/v2\/comments?post=2217"}],"version-history":[{"count":55,"href":"https:\/\/painless-app.de\/index.php\/wp-json\/wp\/v2\/pages\/2217\/revisions"}],"predecessor-version":[{"id":2493,"href":"https:\/\/painless-app.de\/index.php\/wp-json\/wp\/v2\/pages\/2217\/revisions\/2493"}],"wp:attachment":[{"href":"https:\/\/painless-app.de\/index.php\/wp-json\/wp\/v2\/media?parent=2217"}],"curies":[{"name":"wp","href":"https:\/\/api.w.org\/{rel}","templated":true}]}}